{"id":12,"date":"2023-11-14T12:40:02","date_gmt":"2023-11-14T12:40:02","guid":{"rendered":"https:\/\/cursos.partnersacademia.com\/index.php\/lp-term-conditions\/"},"modified":"2024-07-19T16:32:32","modified_gmt":"2024-07-19T16:32:32","slug":"lp-term-conditions","status":"publish","type":"page","link":"https:\/\/cursos.partnersacademia.com\/index.php\/lp-term-conditions\/","title":{"rendered":"Term Conditions"},"content":{"rendered":"\t\t<div data-elementor-type=\"wp-page\" data-elementor-id=\"12\" class=\"elementor elementor-12\">\n\t\t\t\t<div class=\"elementor-element elementor-element-35d6150 e-flex e-con-boxed wpr-particle-no wpr-jarallax-no wpr-parallax-no wpr-sticky-section-no e-con e-parent\" data-id=\"35d6150\" data-element_type=\"container\">\n\t\t\t\t\t<div class=\"e-con-inner\">\n\t\t\t\t<div class=\"elementor-element elementor-element-8071269 elementor-widget elementor-widget-text-editor\" data-id=\"8071269\" data-element_type=\"widget\" data-widget_type=\"text-editor.default\">\n\t\t\t\t<div class=\"elementor-widget-container\">\n\t\t\t\t\t\t\t\t\t<p>T\u00e9rminos y Condiciones de Partners Academy<\/p><p>\u00a0<\/p><p>\u00daltima actualizaci\u00f3n: Viernes 19 de Junio 2024<\/p><p>\u00a0<\/p><p>&#8212;<\/p><p>\u00a0<\/p><p>*1. Aceptaci\u00f3n de los T\u00e9rminos*<\/p><p>\u00a0<\/p><p>Al acceder y utilizar el sitio web de Partners Academy, usted acepta cumplir y estar sujeto a los siguientes T\u00e9rminos y Condiciones. Si no est\u00e1 de acuerdo con estos t\u00e9rminos, por favor, no utilice nuestro sitio web ni nuestros servicios.<\/p><p>\u00a0<\/p><p>*2. Descripci\u00f3n del Servicio*<\/p><p>\u00a0<\/p><p>Partners Academy ofrece servicios de capacitaci\u00f3n y coaching de alto impacto, as\u00ed como la venta de talleres y programas en l\u00ednea. Nuestros servicios est\u00e1n dise\u00f1ados para proporcionar desarrollo personal y profesional a trav\u00e9s de diversos m\u00e9todos de ense\u00f1anza y aprendizaje.<\/p><p>\u00a0<\/p><p>*3. Uso del Sitio Web*<\/p><p>\u00a0<\/p><p>&#8211; El contenido del sitio web es solo para su informaci\u00f3n general y uso personal.<\/p><p>&#8211; No puede reproducir, distribuir, modificar, transmitir, reutilizar, reenviar o usar el contenido del sitio web para fines comerciales sin nuestro consentimiento expreso por escrito.<\/p><p>&#8211; Usted se compromete a utilizar el sitio web \u00fanicamente con fines l\u00edcitos y de manera que no infrinja los derechos de, ni restrinja o inhiba el uso y disfrute del sitio web por parte de terceros.<\/p><p>\u00a0<\/p><p>*4. Registro y Cuentas de Usuario*<\/p><p>\u00a0<\/p><p>&#8211; Para acceder a ciertos servicios, puede ser necesario registrarse y crear una cuenta de usuario.<\/p><p>&#8211; Usted es responsable de mantener la confidencialidad de su informaci\u00f3n de cuenta y contrase\u00f1a y de todas las actividades que ocurran bajo su cuenta.<\/p><p>&#8211; Partners Academy se reserva el derecho de suspender o cancelar su cuenta en cualquier momento si se sospecha que ha violado estos t\u00e9rminos.<\/p><p>\u00a0<\/p><p>*5. Pago y Pol\u00edticas de Reembolso*<\/p><p>\u00a0<\/p><p>&#8211; Todos los pagos deben realizarse a trav\u00e9s de los m\u00e9todos proporcionados en el sitio web.<\/p><p>&#8211; Las tarifas de los talleres y programas en l\u00ednea est\u00e1n sujetas a cambios sin previo aviso.<\/p><p>&#8211; Las pol\u00edticas de reembolso se detallar\u00e1n en las p\u00e1ginas de inscripci\u00f3n de cada taller o programa. En general, los reembolsos se considerar\u00e1n \u00fanicamente dentro de un per\u00edodo espec\u00edfico antes del inicio del curso.<\/p><p>\u00a0<\/p><p>*6. Propiedad Intelectual*<\/p><p>\u00a0<\/p><p>&#8211; Todos los contenidos del sitio web, incluidos textos, gr\u00e1ficos, logotipos, \u00edconos, im\u00e1genes, clips de audio, descargas digitales y software, son propiedad de Partners Academy o sus proveedores de contenido y est\u00e1n protegidos por las leyes de derechos de autor internacionales.<\/p><p>&#8211; El uso no autorizado de cualquier material de este sitio web puede violar las leyes de derechos de autor, marcas comerciales y otras leyes.<\/p><p>\u00a0<\/p><p>*7. Limitaci\u00f3n de Responsabilidad*<\/p><p>\u00a0<\/p><p>&#8211; Partners Academy no ser\u00e1 responsable de ning\u00fan da\u00f1o directo, indirecto, incidental, especial o consecuente que resulte del uso o la incapacidad de uso del sitio web o de los servicios ofrecidos.<\/p><p>&#8211; No garantizamos que el sitio web estar\u00e1 disponible de manera ininterrumpida o libre de errores.<\/p><p>\u00a0<\/p><p>*8. Modificaciones de los T\u00e9rminos y Condiciones*<\/p><p>\u00a0<\/p><p>Partners Academy se reserva el derecho de modificar estos T\u00e9rminos y Condiciones en cualquier momento. Las modificaciones ser\u00e1n efectivas al momento de su publicaci\u00f3n en el sitio web. Es su responsabilidad revisar peri\u00f3dicamente los t\u00e9rminos actualizados.<\/p><p>\u00a0<\/p><p>*9. Enlaces a Otros Sitios Web*<\/p><p>\u00a0<\/p><p>Nuestro sitio web puede contener enlaces a sitios web de terceros. Estos enlaces se proporcionan \u00fanicamente para su conveniencia. No tenemos control sobre el contenido de estos sitios y no aceptamos ninguna responsabilidad por ellos o por cualquier p\u00e9rdida o da\u00f1o que pueda surgir de su uso.<\/p><p>\u00a0<\/p><p>*10. Ley Aplicable y Jurisdicci\u00f3n*<\/p><p>\u00a0<\/p><p>Estos T\u00e9rminos y Condiciones se regir\u00e1n e interpretar\u00e1n de acuerdo con las leyes de [Pa\u00eds\/Estado]. Cualquier disputa que surja en relaci\u00f3n con estos t\u00e9rminos estar\u00e1 sujeta a la jurisdicci\u00f3n exclusiva de los tribunales de [Pa\u00eds\/Estado].<\/p><p>\u00a0<\/p><p>&#8212;<\/p><p>\u00a0<\/p><p>Si tiene alguna pregunta o inquietud acerca de estos T\u00e9rminos y Condiciones, por favor, cont\u00e1ctenos a trav\u00e9s de [<span \n                data-original-string='42+ZFFDW69jirrt1b3r3EQ==87d59+BOkPT2qvytIKnlqQh2HfFz1g3ogmlJMCPo17Viik='\n                class='apbct-email-encoder'\n                title='This contact has been encoded by Anti-Spam by CleanTalk. Click to decode. To finish the decoding make sure that JavaScript is enabled in your browser.'>in<span class=\"apbct-blur\">**<\/span>@<span class=\"apbct-blur\">**************<\/span>ia.com<\/span> o [0995286797].<\/p><p>\u00a0<\/p><p>Gracias por elegir Partners Academy.<\/p>\t\t\t\t\t\t\t\t<\/div>\n\t\t\t\t<\/div>\n\t\t\t\t\t<\/div>\n\t\t\t\t<\/div>\n\t\t\t\t<\/div>\n\t\t","protected":false},"excerpt":{"rendered":"<p>T\u00e9rminos y Condiciones de Partners Academy \u00a0 \u00daltima actualizaci\u00f3n: Viernes 19 de Junio 2024 \u00a0 &#8212; \u00a0 *1. Aceptaci\u00f3n de<\/p>\n","protected":false},"author":1,"featured_media":0,"parent":0,"menu_order":0,"comment_status":"closed","ping_status":"closed","template":"","meta":{"site-sidebar-layout":"no-sidebar","site-content-layout":"","ast-site-content-layout":"full-width-container","site-content-style":"default","site-sidebar-style":"default","ast-global-header-display":"","ast-banner-title-visibility":"","ast-main-header-display":"","ast-hfb-above-header-display":"","ast-hfb-below-header-display":"","ast-hfb-mobile-header-display":"","site-post-title":"disabled","ast-breadcrumbs-content":"","ast-featured-img":"disabled","footer-sml-layout":"","ast-disable-related-posts":"","theme-transparent-header-meta":"","adv-header-id-meta":"","stick-header-meta":"","header-above-stick-meta":"","header-main-stick-meta":"","header-below-stick-meta":"","astra-migrate-meta-layouts":"default","ast-page-background-enabled":"default","ast-page-background-meta":{"desktop":{"background-color":"var(--ast-global-color-4)","background-image":"","background-repeat":"repeat","background-position":"center center","background-size":"auto","background-attachment":"scroll","background-type":"","background-media":"","overlay-type":"","overlay-color":"","overlay-opacity":"","overlay-gradient":""},"tablet":{"background-color":"","background-image":"","background-repeat":"repeat","background-position":"center center","background-size":"auto","background-attachment":"scroll","background-type":"","background-media":"","overlay-type":"","overlay-color":"","overlay-opacity":"","overlay-gradient":""},"mobile":{"background-color":"","background-image":"","background-repeat":"repeat","background-position":"center center","background-size":"auto","background-attachment":"scroll","background-type":"","background-media":"","overlay-type":"","overlay-color":"","overlay-opacity":"","overlay-gradient":""}},"ast-content-background-meta":{"desktop":{"background-color":"var(--ast-global-color-5)","background-image":"","background-repeat":"repeat","background-position":"center center","background-size":"auto","background-attachment":"scroll","background-type":"","background-media":"","overlay-type":"","overlay-color":"","overlay-opacity":"","overlay-gradient":""},"tablet":{"background-color":"var(--ast-global-color-5)","background-image":"","background-repeat":"repeat","background-position":"center center","background-size":"auto","background-attachment":"scroll","background-type":"","background-media":"","overlay-type":"","overlay-color":"","overlay-opacity":"","overlay-gradient":""},"mobile":{"background-color":"var(--ast-global-color-5)","background-image":"","background-repeat":"repeat","background-position":"center center","background-size":"auto","background-attachment":"scroll","background-type":"","background-media":"","overlay-type":"","overlay-color":"","overlay-opacity":"","overlay-gradient":""}},"footnotes":""},"class_list":["post-12","page","type-page","status-publish","hentry"],"aioseo_notices":[],"jetpack_sharing_enabled":true,"_links":{"self":[{"href":"https:\/\/cursos.partnersacademia.com\/index.php\/wp-json\/wp\/v2\/pages\/12","targetHints":{"allow":["GET"]}}],"collection":[{"href":"https:\/\/cursos.partnersacademia.com\/index.php\/wp-json\/wp\/v2\/pages"}],"about":[{"href":"https:\/\/cursos.partnersacademia.com\/index.php\/wp-json\/wp\/v2\/types\/page"}],"author":[{"embeddable":true,"href":"https:\/\/cursos.partnersacademia.com\/index.php\/wp-json\/wp\/v2\/users\/1"}],"replies":[{"embeddable":true,"href":"https:\/\/cursos.partnersacademia.com\/index.php\/wp-json\/wp\/v2\/comments?post=12"}],"version-history":[{"count":3,"href":"https:\/\/cursos.partnersacademia.com\/index.php\/wp-json\/wp\/v2\/pages\/12\/revisions"}],"predecessor-version":[{"id":427,"href":"https:\/\/cursos.partnersacademia.com\/index.php\/wp-json\/wp\/v2\/pages\/12\/revisions\/427"}],"wp:attachment":[{"href":"https:\/\/cursos.partnersacademia.com\/index.php\/wp-json\/wp\/v2\/media?parent=12"}],"curies":[{"name":"wp","href":"https:\/\/api.w.org\/{rel}","templated":true}]}}